{"id":765,"date":"2025-03-12T10:37:35","date_gmt":"2025-03-12T10:37:35","guid":{"rendered":"https:\/\/edv-blog.info?page_id=765"},"modified":"2026-02-07T14:50:22","modified_gmt":"2026-02-07T14:50:22","slug":"services","status":"publish","type":"page","link":"https:\/\/edv-blog.info\/WP5\/services\/","title":{"rendered":"Services"},"content":{"rendered":"\t\t<div data-elementor-type=\"wp-page\" data-elementor-id=\"765\" class=\"elementor elementor-765\" data-elementor-post-type=\"page\">\n\t\t\t\t<div class=\"elementor-element elementor-element-fdf5c0f e-flex e-con-boxed e-con e-parent\" data-id=\"fdf5c0f\" data-element_type=\"container\" data-e-type=\"container\">\n\t\t\t\t\t<div class=\"e-con-inner\">\n\t\t<div class=\"elementor-element elementor-element-8433d8a e-con-full e-flex e-con e-child\" data-id=\"8433d8a\" data-element_type=\"container\" data-e-type=\"container\">\n\t\t\t\t<div class=\"elementor-element elementor-element-d022c15 elementor-widget elementor-widget-heading\" data-id=\"d022c15\" data-element_type=\"widget\" data-e-type=\"widget\" data-widget_type=\"heading.default\">\n\t\t\t\t<div class=\"elementor-widget-container\">\n\t\t\t\t\t<span class=\"elementor-heading-title elementor-size-default\">Unsere IT-Dienstleistungen f\u00fcr Sie<\/span>\t\t\t\t<\/div>\n\t\t\t\t<\/div>\n\t\t\t\t<div class=\"elementor-element elementor-element-2858142 elementor-widget elementor-widget-heading\" data-id=\"2858142\" data-element_type=\"widget\" data-e-type=\"widget\" data-widget_type=\"heading.default\">\n\t\t\t\t<div class=\"elementor-widget-container\">\n\t\t\t\t\t<h1 class=\"elementor-heading-title elementor-size-default\">Kompetente Unterst\u00fctzung f\u00fcr Ihre IT-Bed\u00fcrfnisse<\/h1>\t\t\t\t<\/div>\n\t\t\t\t<\/div>\n\t\t\t\t<\/div>\n\t\t<div class=\"elementor-element elementor-element-132b3bb e-con-full e-flex e-con e-child\" data-id=\"132b3bb\" data-element_type=\"container\" data-e-type=\"container\">\n\t\t\t\t<div class=\"elementor-element elementor-element-322a77c elementor-widget elementor-widget-image\" data-id=\"322a77c\" data-element_type=\"widget\" data-e-type=\"widget\" data-widget_type=\"image.default\">\n\t\t\t\t<div class=\"elementor-widget-container\">\n\t\t\t\t\t\t\t\t\t\t\t\t\t\t\t<img fetchpriority=\"high\" decoding=\"async\" width=\"1280\" height=\"960\" src=\"https:\/\/edv-blog.info\/WP5\/wp-content\/uploads\/2026\/02\/win-donate-and-it-is-6964335.jpg\" class=\"attachment-full size-full wp-image-1673\" alt=\"win, donate, and it is\" srcset=\"https:\/\/edv-blog.info\/WP5\/wp-content\/uploads\/2026\/02\/win-donate-and-it-is-6964335.jpg 1280w, https:\/\/edv-blog.info\/WP5\/wp-content\/uploads\/2026\/02\/win-donate-and-it-is-6964335-300x225.jpg 300w, https:\/\/edv-blog.info\/WP5\/wp-content\/uploads\/2026\/02\/win-donate-and-it-is-6964335-1024x768.jpg 1024w, https:\/\/edv-blog.info\/WP5\/wp-content\/uploads\/2026\/02\/win-donate-and-it-is-6964335-768x576.jpg 768w\" sizes=\"(max-width: 1280px) 100vw, 1280px\" \/>\t\t\t\t\t\t\t\t\t\t\t\t\t\t\t<\/div>\n\t\t\t\t<\/div>\n\t\t\t\t<\/div>\n\t\t\t\t\t<\/div>\n\t\t\t\t<\/div>\n\t\t<div class=\"elementor-element elementor-element-54b0058 e-flex e-con-boxed e-con e-parent\" data-id=\"54b0058\" data-element_type=\"container\" data-e-type=\"container\" data-settings=\"{&quot;background_background&quot;:&quot;classic&quot;}\">\n\t\t\t\t\t<div class=\"e-con-inner\">\n\t\t\t\t<div class=\"elementor-element elementor-element-c2e0b81 elementor-widget elementor-widget-heading\" data-id=\"c2e0b81\" data-element_type=\"widget\" data-e-type=\"widget\" data-widget_type=\"heading.default\">\n\t\t\t\t<div class=\"elementor-widget-container\">\n\t\t\t\t\t<span class=\"elementor-heading-title elementor-size-default\">IT-Dienstleistungen und Beratung<\/span>\t\t\t\t<\/div>\n\t\t\t\t<\/div>\n\t\t\t\t<div class=\"elementor-element elementor-element-737c61c elementor-widget elementor-widget-heading\" data-id=\"737c61c\" data-element_type=\"widget\" data-e-type=\"widget\" data-widget_type=\"heading.default\">\n\t\t\t\t<div class=\"elementor-widget-container\">\n\t\t\t\t\t<h2 class=\"elementor-heading-title elementor-size-default\">Entdecken Sie unsere vielf\u00e4ltigen IT-Services<\/h2>\t\t\t\t<\/div>\n\t\t\t\t<\/div>\n\t\t<div class=\"elementor-element elementor-element-615f79a e-con-full e-flex e-con e-child\" data-id=\"615f79a\" data-element_type=\"container\" data-e-type=\"container\">\n\t\t<div class=\"elementor-element elementor-element-6cd6341 e-con-full e-flex e-con e-child\" data-id=\"6cd6341\" data-element_type=\"container\" data-e-type=\"container\">\n\t\t\t\t<div class=\"elementor-element elementor-element-8769b53 elementor-widget elementor-widget-heading\" data-id=\"8769b53\" data-element_type=\"widget\" data-e-type=\"widget\" data-widget_type=\"heading.default\">\n\t\t\t\t<div class=\"elementor-widget-container\">\n\t\t\t\t\t<span class=\"elementor-heading-title elementor-size-default\">01<\/span>\t\t\t\t<\/div>\n\t\t\t\t<\/div>\n\t\t\t\t<div class=\"elementor-element elementor-element-7b61e2b elementor-widget elementor-widget-hfe-infocard\" data-id=\"7b61e2b\" data-element_type=\"widget\" data-e-type=\"widget\" data-widget_type=\"hfe-infocard.default\">\n\t\t\t\t<div class=\"elementor-widget-container\">\n\t\t\t\t\t\n\t\t<div class=\"hfe-infocard\">\n\t\t\t\t\t\t\t\t\t<div class=\"hfe-infocard-title-wrap\">\n\t\t\t\t<h3 class=\"hfe-infocard-title elementor-inline-editing\" data-elementor-setting-key=\"infocard_title\" data-elementor-inline-editing-toolbar=\"basic\" >Hardware Beratung<\/h3>\t\t\t<\/div>\n\t\t\t\t\t\t<div class=\"hfe-infocard-text-wrap\">\n\t\t\t\t<div class=\"hfe-infocard-text elementor-inline-editing\" data-elementor-setting-key=\"infocard_description\" data-elementor-inline-editing-toolbar=\"advanced\">\n\t\t\t\t\tWir bieten Ihnen umfassende Beratung zu Hardware und Software, die auf Ihre individuellen Bed\u00fcrfnisse abgestimmt ist. Mit \u00fcber 30 Jahren Erfahrung in der IT-Industrie unterst\u00fctzen wir Sie beim Kauf und der Installation von Ger\u00e4ten sowie der Auswahl der passenden Softwarel\u00f6sungen. Unsere Expertise sorgt daf\u00fcr, dass Sie die richtigen Entscheidungen treffen und langfristig Geld sparen k\u00f6nnen.\t\t\t\t<\/div>\n\t\t\t\t\t\t\t<\/div>\n\t\t<\/div>\n\n\t\t\t\t\t\t<\/div>\n\t\t\t\t<\/div>\n\t\t\t\t<\/div>\n\t\t<div class=\"elementor-element elementor-element-a44443d e-con-full e-flex e-con e-child\" data-id=\"a44443d\" data-element_type=\"container\" data-e-type=\"container\">\n\t\t\t\t<div class=\"elementor-element elementor-element-a79d279 elementor-widget elementor-widget-image\" data-id=\"a79d279\" data-element_type=\"widget\" data-e-type=\"widget\" data-widget_type=\"image.default\">\n\t\t\t\t<div class=\"elementor-widget-container\">\n\t\t\t\t\t\t\t\t\t\t\t\t\t\t\t<img decoding=\"async\" width=\"1080\" height=\"810\" src=\"https:\/\/edv-blog.info\/WP5\/wp-content\/uploads\/2026\/02\/always-keep-your-words-soft-and-sweet-just-in-case-you-have-to-eat-them-text-35kqqufzmmu.jpeg\" class=\"attachment-full size-full wp-image-1670\" alt=\"always-keep-your-words-soft-and-sweet-just-in-case-you-have-to-eat-them-text-35kqqufzmmu\" srcset=\"https:\/\/edv-blog.info\/WP5\/wp-content\/uploads\/2026\/02\/always-keep-your-words-soft-and-sweet-just-in-case-you-have-to-eat-them-text-35kqqufzmmu.jpeg 1080w, https:\/\/edv-blog.info\/WP5\/wp-content\/uploads\/2026\/02\/always-keep-your-words-soft-and-sweet-just-in-case-you-have-to-eat-them-text-35kqqufzmmu-300x225.jpeg 300w, https:\/\/edv-blog.info\/WP5\/wp-content\/uploads\/2026\/02\/always-keep-your-words-soft-and-sweet-just-in-case-you-have-to-eat-them-text-35kqqufzmmu-1024x768.jpeg 1024w, https:\/\/edv-blog.info\/WP5\/wp-content\/uploads\/2026\/02\/always-keep-your-words-soft-and-sweet-just-in-case-you-have-to-eat-them-text-35kqqufzmmu-768x576.jpeg 768w\" sizes=\"(max-width: 1080px) 100vw, 1080px\" \/>\t\t\t\t\t\t\t\t\t\t\t\t\t\t\t<\/div>\n\t\t\t\t<\/div>\n\t\t\t\t<\/div>\n\t\t\t\t<\/div>\n\t\t<div class=\"elementor-element elementor-element-6e243d3 e-con-full e-flex e-con e-child\" data-id=\"6e243d3\" data-element_type=\"container\" data-e-type=\"container\">\n\t\t<div class=\"elementor-element elementor-element-d939578 e-con-full e-flex e-con e-child\" data-id=\"d939578\" data-element_type=\"container\" data-e-type=\"container\">\n\t\t\t\t<div class=\"elementor-element elementor-element-5ba0d36 elementor-widget elementor-widget-image\" data-id=\"5ba0d36\" data-element_type=\"widget\" data-e-type=\"widget\" data-widget_type=\"image.default\">\n\t\t\t\t<div class=\"elementor-widget-container\">\n\t\t\t\t\t\t\t\t\t\t\t\t\t\t\t<img decoding=\"async\" width=\"1080\" height=\"720\" src=\"https:\/\/edv-blog.info\/WP5\/wp-content\/uploads\/2026\/02\/a-person-standing-in-front-of-a-sign-that-says-just-do-it-ytcukuismjk.jpeg\" class=\"attachment-full size-full wp-image-1674\" alt=\"a-person-standing-in-front-of-a-sign-that-says-just-do-it-ytcukuismjk\" srcset=\"https:\/\/edv-blog.info\/WP5\/wp-content\/uploads\/2026\/02\/a-person-standing-in-front-of-a-sign-that-says-just-do-it-ytcukuismjk.jpeg 1080w, https:\/\/edv-blog.info\/WP5\/wp-content\/uploads\/2026\/02\/a-person-standing-in-front-of-a-sign-that-says-just-do-it-ytcukuismjk-300x200.jpeg 300w, https:\/\/edv-blog.info\/WP5\/wp-content\/uploads\/2026\/02\/a-person-standing-in-front-of-a-sign-that-says-just-do-it-ytcukuismjk-1024x683.jpeg 1024w, https:\/\/edv-blog.info\/WP5\/wp-content\/uploads\/2026\/02\/a-person-standing-in-front-of-a-sign-that-says-just-do-it-ytcukuismjk-768x512.jpeg 768w\" sizes=\"(max-width: 1080px) 100vw, 1080px\" \/>\t\t\t\t\t\t\t\t\t\t\t\t\t\t\t<\/div>\n\t\t\t\t<\/div>\n\t\t\t\t<\/div>\n\t\t<div class=\"elementor-element elementor-element-fb4f07d e-con-full e-flex e-con e-child\" data-id=\"fb4f07d\" data-element_type=\"container\" data-e-type=\"container\">\n\t\t\t\t<div class=\"elementor-element elementor-element-2d27b77 elementor-widget elementor-widget-heading\" data-id=\"2d27b77\" data-element_type=\"widget\" data-e-type=\"widget\" data-widget_type=\"heading.default\">\n\t\t\t\t<div class=\"elementor-widget-container\">\n\t\t\t\t\t<span class=\"elementor-heading-title elementor-size-default\">02<\/span>\t\t\t\t<\/div>\n\t\t\t\t<\/div>\n\t\t\t\t<div class=\"elementor-element elementor-element-21cc6dc elementor-widget elementor-widget-hfe-infocard\" data-id=\"21cc6dc\" data-element_type=\"widget\" data-e-type=\"widget\" data-widget_type=\"hfe-infocard.default\">\n\t\t\t\t<div class=\"elementor-widget-container\">\n\t\t\t\t\t\n\t\t<div class=\"hfe-infocard\">\n\t\t\t\t\t\t\t\t\t<div class=\"hfe-infocard-title-wrap\">\n\t\t\t\t<h3 class=\"hfe-infocard-title elementor-inline-editing\" data-elementor-setting-key=\"infocard_title\" data-elementor-inline-editing-toolbar=\"basic\" >Software Unterst\u00fctzung<\/h3>\t\t\t<\/div>\n\t\t\t\t\t\t<div class=\"hfe-infocard-text-wrap\">\n\t\t\t\t<div class=\"hfe-infocard-text elementor-inline-editing\" data-elementor-setting-key=\"infocard_description\" data-elementor-inline-editing-toolbar=\"advanced\">\n\t\t\t\t\tUnsere Dienstleistungen im Bereich der K\u00fcnstlichen Intelligenz helfen Ihnen, innovative L\u00f6sungen f\u00fcr Ihr Unternehmen zu entwickeln. Wir beraten Sie zu den besten Anwendungen von KI in Ihrem Gesch\u00e4ftsfeld, um die Effizienz zu steigern und Prozesse zu optimieren. Profitieren Sie von ma\u00dfgeschneiderten Implementierungen, die Ihre technologischen Ressourcen gezielt einsetzen.\t\t\t\t<\/div>\n\t\t\t\t\t\t\t<\/div>\n\t\t<\/div>\n\n\t\t\t\t\t\t<\/div>\n\t\t\t\t<\/div>\n\t\t\t\t<\/div>\n\t\t\t\t<\/div>\n\t\t<div class=\"elementor-element elementor-element-d7d7cb7 e-con-full e-flex e-con e-child\" data-id=\"d7d7cb7\" data-element_type=\"container\" data-e-type=\"container\">\n\t\t<div class=\"elementor-element elementor-element-125e775 e-con-full e-flex e-con e-child\" data-id=\"125e775\" data-element_type=\"container\" data-e-type=\"container\">\n\t\t\t\t<div class=\"elementor-element elementor-element-3dca7a8 elementor-widget elementor-widget-heading\" data-id=\"3dca7a8\" data-element_type=\"widget\" data-e-type=\"widget\" data-widget_type=\"heading.default\">\n\t\t\t\t<div class=\"elementor-widget-container\">\n\t\t\t\t\t<span class=\"elementor-heading-title elementor-size-default\">03<\/span>\t\t\t\t<\/div>\n\t\t\t\t<\/div>\n\t\t\t\t<div class=\"elementor-element elementor-element-9f01f5d elementor-widget elementor-widget-hfe-infocard\" data-id=\"9f01f5d\" data-element_type=\"widget\" data-e-type=\"widget\" data-widget_type=\"hfe-infocard.default\">\n\t\t\t\t<div class=\"elementor-widget-container\">\n\t\t\t\t\t\n\t\t<div class=\"hfe-infocard\">\n\t\t\t\t\t\t\t\t\t<div class=\"hfe-infocard-title-wrap\">\n\t\t\t\t<h3 class=\"hfe-infocard-title elementor-inline-editing\" data-elementor-setting-key=\"infocard_title\" data-elementor-inline-editing-toolbar=\"basic\" >K\u00fcnstliche Intelligenz<\/h3>\t\t\t<\/div>\n\t\t\t\t\t\t<div class=\"hfe-infocard-text-wrap\">\n\t\t\t\t<div class=\"hfe-infocard-text elementor-inline-editing\" data-elementor-setting-key=\"infocard_description\" data-elementor-inline-editing-toolbar=\"advanced\">\n\t\t\t\t\tWir bieten Unterst\u00fctzung bei der Systemadministration von Linux und Windows. Egal, ob es um die Einrichtung von Netzwerken oder die Optimierung der Systemleistung geht, unser Fachwissen steht Ihnen zur Verf\u00fcgung. Wir k\u00fcmmern uns um alle Aspekte der Systemadministration, damit Sie sich auf Ihr Kerngesch\u00e4ft konzentrieren k\u00f6nnen.\t\t\t\t<\/div>\n\t\t\t\t\t\t\t<\/div>\n\t\t<\/div>\n\n\t\t\t\t\t\t<\/div>\n\t\t\t\t<\/div>\n\t\t\t\t<\/div>\n\t\t<div class=\"elementor-element elementor-element-d3070d6 e-con-full e-flex e-con e-child\" data-id=\"d3070d6\" data-element_type=\"container\" data-e-type=\"container\">\n\t\t\t\t<div class=\"elementor-element elementor-element-691856d elementor-widget elementor-widget-image\" data-id=\"691856d\" data-element_type=\"widget\" data-e-type=\"widget\" data-widget_type=\"image.default\">\n\t\t\t\t<div class=\"elementor-widget-container\">\n\t\t\t\t\t\t\t\t\t\t\t\t\t\t\t<img loading=\"lazy\" decoding=\"async\" width=\"1080\" height=\"720\" src=\"https:\/\/edv-blog.info\/WP5\/wp-content\/uploads\/2026\/02\/discover-and-be-discovered-text-5c8gmarqvwg.jpeg\" class=\"attachment-full size-full wp-image-1671\" alt=\"discover-and-be-discovered-text-5c8gmarqvwg\" srcset=\"https:\/\/edv-blog.info\/WP5\/wp-content\/uploads\/2026\/02\/discover-and-be-discovered-text-5c8gmarqvwg.jpeg 1080w, https:\/\/edv-blog.info\/WP5\/wp-content\/uploads\/2026\/02\/discover-and-be-discovered-text-5c8gmarqvwg-300x200.jpeg 300w, https:\/\/edv-blog.info\/WP5\/wp-content\/uploads\/2026\/02\/discover-and-be-discovered-text-5c8gmarqvwg-1024x683.jpeg 1024w, https:\/\/edv-blog.info\/WP5\/wp-content\/uploads\/2026\/02\/discover-and-be-discovered-text-5c8gmarqvwg-768x512.jpeg 768w\" sizes=\"(max-width: 1080px) 100vw, 1080px\" \/>\t\t\t\t\t\t\t\t\t\t\t\t\t\t\t<\/div>\n\t\t\t\t<\/div>\n\t\t\t\t<\/div>\n\t\t\t\t<\/div>\n\t\t\t\t\t<\/div>\n\t\t\t\t<\/div>\n\t\t<div class=\"elementor-element elementor-element-c461a01 e-flex e-con-boxed e-con e-parent\" data-id=\"c461a01\" data-element_type=\"container\" data-e-type=\"container\" data-settings=\"{&quot;background_background&quot;:&quot;classic&quot;}\">\n\t\t\t\t\t<div class=\"e-con-inner\">\n\t\t<div class=\"elementor-element elementor-element-e48c08d e-con-full e-flex e-con e-child\" data-id=\"e48c08d\" data-element_type=\"container\" data-e-type=\"container\" data-settings=\"{&quot;background_background&quot;:&quot;classic&quot;}\">\n\t\t\t\t<div class=\"elementor-element elementor-element-fe33a7b elementor-widget elementor-widget-heading\" data-id=\"fe33a7b\" data-element_type=\"widget\" data-e-type=\"widget\" data-widget_type=\"heading.default\">\n\t\t\t\t<div class=\"elementor-widget-container\">\n\t\t\t\t\t<span class=\"elementor-heading-title elementor-size-default\">Handeln Sie jetzt!<\/span>\t\t\t\t<\/div>\n\t\t\t\t<\/div>\n\t\t\t\t<div class=\"elementor-element elementor-element-2ec1ea6 elementor-widget elementor-widget-icon-box\" data-id=\"2ec1ea6\" data-element_type=\"widget\" data-e-type=\"widget\" data-widget_type=\"icon-box.default\">\n\t\t\t\t<div class=\"elementor-widget-container\">\n\t\t\t\t\t\t\t<div class=\"elementor-icon-box-wrapper\">\n\n\t\t\t\n\t\t\t\t\t\t<div class=\"elementor-icon-box-content\">\n\n\t\t\t\t\t\t\t\t\t<h3 class=\"elementor-icon-box-title\">\n\t\t\t\t\t\t<span  >\n\t\t\t\t\t\t\tNehmen Sie Ihre IT in die Hand und profitieren Sie von meinem Fachwissen!\t\t\t\t\t\t<\/span>\n\t\t\t\t\t<\/h3>\n\t\t\t\t\n\t\t\t\t\n\t\t\t<\/div>\n\t\t\t\n\t\t<\/div>\n\t\t\t\t\t\t<\/div>\n\t\t\t\t<\/div>\n\t\t\t\t<div class=\"elementor-element elementor-element-f27a664 elementor-align-center elementor-widget elementor-widget-button\" data-id=\"f27a664\" data-element_type=\"widget\" data-e-type=\"widget\" data-widget_type=\"button.default\">\n\t\t\t\t<div class=\"elementor-widget-container\">\n\t\t\t\t\t\t\t\t\t<div class=\"elementor-button-wrapper\">\n\t\t\t\t\t<a class=\"elementor-button elementor-button-link elementor-size-sm\" href=\"\/contact\/\">\n\t\t\t\t\t\t<span class=\"elementor-button-content-wrapper\">\n\t\t\t\t\t\t\t\t\t<span class=\"elementor-button-text\">Jetzt entdecken<\/span>\n\t\t\t\t\t<\/span>\n\t\t\t\t\t<\/a>\n\t\t\t\t<\/div>\n\t\t\t\t\t\t\t\t<\/div>\n\t\t\t\t<\/div>\n\t\t\t\t<\/div>\n\t\t\t\t\t<\/div>\n\t\t\t\t<\/div>\n\t\t\t\t<\/div>\n\t\t","protected":false},"excerpt":{"rendered":"<p>Unsere IT-Dienstleistungen f\u00fcr Sie Kompetente Unterst\u00fctzung f\u00fcr Ihre IT-Bed\u00fcrfnisse IT-Dienstleistungen und Beratung Entdecken Sie unsere vielf\u00e4ltigen IT-Services 01 Hardware Beratung [&hellip;]<\/p>\n","protected":false},"author":2,"featured_media":0,"parent":0,"menu_order":0,"comment_status":"closed","ping_status":"closed","template":"","meta":{"_crdt_document":"","inline_featured_image":false,"site-sidebar-layout":"no-sidebar","site-content-layout":"page-builder","ast-site-content-layout":"full-width-container","site-content-style":"default","site-sidebar-style":"default","ast-global-header-display":"","ast-banner-title-visibility":"","ast-main-header-display":"","ast-hfb-above-header-display":"","ast-hfb-below-header-display":"","ast-hfb-mobile-header-display":"","site-post-title":"disabled","ast-breadcrumbs-content":"","ast-featured-img":"disabled","footer-sml-layout":"","ast-disable-related-posts":"","theme-transparent-header-meta":"","adv-header-id-meta":"","stick-header-meta":"","header-above-stick-meta":"","header-main-stick-meta":"","header-below-stick-meta":"","astra-migrate-meta-layouts":"default","ast-page-background-enabled":"default","ast-page-background-meta":{"desktop":{"background-color":"var(--ast-global-color-4)","background-image":"","background-repeat":"repeat","background-position":"center center","background-size":"auto","background-attachment":"scroll","background-type":"","background-media":"","overlay-type":"","overlay-color":"","overlay-opacity":"","overlay-gradient":""},"tablet":{"background-color":"","background-image":"","background-repeat":"repeat","background-position":"center center","background-size":"auto","background-attachment":"scroll","background-type":"","background-media":"","overlay-type":"","overlay-color":"","overlay-opacity":"","overlay-gradient":""},"mobile":{"background-color":"","background-image":"","background-repeat":"repeat","background-position":"center center","background-size":"auto","background-attachment":"scroll","background-type":"","background-media":"","overlay-type":"","overlay-color":"","overlay-opacity":"","overlay-gradient":""}},"ast-content-background-meta":{"desktop":{"background-color":"var(--ast-global-color-5)","background-image":"","background-repeat":"repeat","background-position":"center center","background-size":"auto","background-attachment":"scroll","background-type":"","background-media":"","overlay-type":"","overlay-color":"","overlay-opacity":"","overlay-gradient":""},"tablet":{"background-color":"var(--ast-global-color-5)","background-image":"","background-repeat":"repeat","background-position":"center center","background-size":"auto","background-attachment":"scroll","background-type":"","background-media":"","overlay-type":"","overlay-color":"","overlay-opacity":"","overlay-gradient":""},"mobile":{"background-color":"var(--ast-global-color-5)","background-image":"","background-repeat":"repeat","background-position":"center center","background-size":"auto","background-attachment":"scroll","background-type":"","background-media":"","overlay-type":"","overlay-color":"","overlay-opacity":"","overlay-gradient":""}},"footnotes":""},"class_list":["post-765","page","type-page","status-publish","hentry"],"_links":{"self":[{"href":"https:\/\/edv-blog.info\/WP5\/wp-json\/wp\/v2\/pages\/765","targetHints":{"allow":["GET"]}}],"collection":[{"href":"https:\/\/edv-blog.info\/WP5\/wp-json\/wp\/v2\/pages"}],"about":[{"href":"https:\/\/edv-blog.info\/WP5\/wp-json\/wp\/v2\/types\/page"}],"author":[{"embeddable":true,"href":"https:\/\/edv-blog.info\/WP5\/wp-json\/wp\/v2\/users\/2"}],"replies":[{"embeddable":true,"href":"https:\/\/edv-blog.info\/WP5\/wp-json\/wp\/v2\/comments?post=765"}],"version-history":[{"count":3,"href":"https:\/\/edv-blog.info\/WP5\/wp-json\/wp\/v2\/pages\/765\/revisions"}],"predecessor-version":[{"id":1725,"href":"https:\/\/edv-blog.info\/WP5\/wp-json\/wp\/v2\/pages\/765\/revisions\/1725"}],"wp:attachment":[{"href":"https:\/\/edv-blog.info\/WP5\/wp-json\/wp\/v2\/media?parent=765"}],"curies":[{"name":"wp","href":"https:\/\/api.w.org\/{rel}","templated":true}]}}